{"id":21,"date":"2020-12-08T03:53:12","date_gmt":"2020-12-08T03:53:12","guid":{"rendered":"https:\/\/www.gavias-theme.com\/wp\/kitecx\/?page_id=21"},"modified":"2023-03-02T22:10:21","modified_gmt":"2023-03-02T22:10:21","slug":"quehacemos","status":"publish","type":"page","link":"http:\/\/www.behouseperu.com\/index.php\/quehacemos\/","title":{"rendered":"Qu\u00e9 hacemos"},"content":{"rendered":"\t\t<div data-elementor-type=\"wp-page\" data-elementor-id=\"21\" class=\"elementor elementor-21\">\n\t\t\t\t\t\t\t\t\t<section class=\"elementor-section elementor-top-section elementor-element elementor-element-782be4e elementor-section-boxed elementor-section-height-default elementor-section-height-default row-top\" data-id=\"782be4e\" data-element_type=\"section\">\n\t\t\t\t\t\t<div class=\"elementor-container elementor-column-gap-default\">\n\t\t\t\t\t<div class=\"elementor-column elementor-col-100 elementor-top-column elementor-element elementor-element-4edfa7d column-style-top\" data-id=\"4edfa7d\" data-element_type=\"column\">\n\t\t\t<div class=\"elementor-widget-wrap elementor-element-populated\">\n\t\t\t\t\t\t\t\t<div class=\"elementor-element elementor-element-50d4410 elementor-widget elementor-widget-gva-heading-block\" data-id=\"50d4410\" data-element_type=\"widget\" data-widget_type=\"gva-heading-block.default\">\n\t\t\t\t<div class=\"elementor-widget-container\">\n\t\t\t<div class=\"gva-element-gva-heading-block gva-element\">   <div class=\"align-center style-1 widget gsc-heading box-align-left auto-responsive\">\r\n      <div class=\"content-inner\">\r\n         \r\n                  \r\n           \r\n         \r\n                     <h2 class=\"title\">\r\n               <span>QUE HACEMOS<\/span>\r\n            <\/h2>\r\n                  \r\n         \r\n      <\/div>\r\n   <\/div>\r\n<\/div>\t\t<\/div>\n\t\t\t\t<\/div>\n\t\t\t\t\t<\/div>\n\t\t<\/div>\n\t\t\t\t\t\t\t<\/div>\n\t\t<\/section>\n\t\t\t\t<section class=\"elementor-section elementor-top-section elementor-element elementor-element-a4758bb elementor-section-boxed elementor-section-height-default elementor-section-height-default row-top\" data-id=\"a4758bb\" data-element_type=\"section\">\n\t\t\t\t\t\t<div class=\"elementor-container elementor-column-gap-default\">\n\t\t\t\t\t<div class=\"elementor-column elementor-col-100 elementor-top-column elementor-element elementor-element-3f4af7e column-style-top\" data-id=\"3f4af7e\" data-element_type=\"column\">\n\t\t\t<div class=\"elementor-widget-wrap elementor-element-populated\">\n\t\t\t\t\t\t\t\t<div class=\"elementor-element elementor-element-fb64b99 elementor-widget elementor-widget-gva-box-hover\" data-id=\"fb64b99\" data-element_type=\"widget\" data-widget_type=\"gva-box-hover.default\">\n\t\t\t\t<div class=\"elementor-widget-container\">\n\t\t\t<div class=\"gva-element-gva-box-hover gva-element\">\r\n<div class=\"gva-hover-box-carousel style-1\">\r\n   <div class=\"init-carousel-owl owl-carousel\" data-items=\"3\" data-items_lg=\"3\" data-items_md=\"3\" data-items_sm=\"2\" data-items_xs=\"1\" data-items_xx=\"1\" data-loop=\"1\" data-speed=\"800\" data-auto_play=\"0\" data-auto_play_speed=\"800\" data-auto_play_timeout=\"6000\" data-auto_play_hover=\"1\" data-navigation=\"1\" data-pagination=\"0\" data-mouse_drag=\"1\" data-touch_drag=\"1\" >\r\n               <div class=\"item hover-box-item\">\r\n            \r\n            <div class=\"box-background\" style=\"background-image:url('http:\/\/www.behouseperu.com\/wp-content\/uploads\/2023\/02\/slit-1.jpg')\"><\/div>\r\n            \r\n            <div class=\"box-content\">\r\n               <div class=\"content-inner\">\r\n                                    \r\n                  <div class=\"box-title\">\r\n                     HACEMOS M\u00c1S FLEXIBLE TU HOGAR                  <\/div>\r\n\r\n                  <div class=\"box-desc\">\r\n                     Trabajamos con clientes particulares que buscan remodelar uno o varios ambientes de su hogar otorg\u00e1ndoles flexibilidad a trav\u00e9s de nuestros sistemas de muebles m\u00f3viles.                  <\/div>\r\n               <\/div>\r\n            <\/div>   \r\n           \r\n         <\/div>\r\n               <div class=\"item hover-box-item\">\r\n            \r\n            <div class=\"box-background\" style=\"background-image:url('http:\/\/www.behouseperu.com\/wp-content\/uploads\/2023\/02\/slit-2.jpg')\"><\/div>\r\n            \r\n            <div class=\"box-content\">\r\n               <div class=\"content-inner\">\r\n                                    \r\n                  <div class=\"box-title\">\r\n                     HACEMOS M\u00c1S RENTABLE  TU INVERSI\u00d3N                  <\/div>\r\n\r\n                  <div class=\"box-desc\">\r\n                     Trabajamos con propietarios de departamentos para alquiler temporal que buscan la mayor rentabilidad de su inversi\u00f3n exprimiendo al m\u00e1ximo  cada cent\u00edmetro del inmueble por medio de nuestro principio HISO                  <\/div>\r\n               <\/div>\r\n            <\/div>   \r\n           \r\n         <\/div>\r\n               <div class=\"item hover-box-item\">\r\n            \r\n            <div class=\"box-background\" style=\"background-image:url('http:\/\/www.behouseperu.com\/wp-content\/uploads\/2023\/02\/slit-3.jpg')\"><\/div>\r\n            \r\n            <div class=\"box-content\">\r\n               <div class=\"content-inner\">\r\n                                    \r\n                  <div class=\"box-title\">\r\n                     HACEMOS QUE TU PROYECTO SEA DIFERENTE                  <\/div>\r\n\r\n                  <div class=\"box-desc\">\r\n                     Trabajamos con arquitectos, inmobiliarias y desarrolladores  explorando nuevos modelos de vivienda, desde su conceptualizaci\u00f3n hasta su equipamiento, mediante nuestra metodolog\u00eda colaborativa B2B.\n                  <\/div>\r\n               <\/div>\r\n            <\/div>   \r\n           \r\n         <\/div>\r\n         <\/div>\r\n<\/div>\r\n<\/div>\t\t<\/div>\n\t\t\t\t<\/div>\n\t\t\t\t\t<\/div>\n\t\t<\/div>\n\t\t\t\t\t\t\t<\/div>\n\t\t<\/section>\n\t\t\t\t<section class=\"elementor-section elementor-top-section elementor-element elementor-element-c0afff2 elementor-section-boxed elementor-section-height-default elementor-section-height-default row-top\" data-id=\"c0afff2\" data-element_type=\"section\">\n\t\t\t\t\t\t<div class=\"elementor-container elementor-column-gap-default\">\n\t\t\t\t\t<div class=\"elementor-column elementor-col-100 elementor-top-column elementor-element elementor-element-bc99b17 column-style-top\" data-id=\"bc99b17\" data-element_type=\"column\">\n\t\t\t<div class=\"elementor-widget-wrap elementor-element-populated\">\n\t\t\t\t\t\t\t\t<div class=\"elementor-element elementor-element-23d73eb elementor-widget elementor-widget-spacer\" data-id=\"23d73eb\" data-element_type=\"widget\" data-widget_type=\"spacer.default\">\n\t\t\t\t<div class=\"elementor-widget-container\">\n\t\t\t<style>\/*! elementor - v3.10.2 - 29-01-2023 *\/\n.elementor-column .elementor-spacer-inner{height:var(--spacer-size)}.e-con{--container-widget-width:100%}.e-con-inner>.elementor-widget-spacer,.e-con>.elementor-widget-spacer{width:var(--container-widget-width,var(--spacer-size));--align-self:var(--container-widget-align-self,initial);--flex-shrink:0}.e-con-inner>.elementor-widget-spacer>.elementor-widget-container,.e-con-inner>.elementor-widget-spacer>.elementor-widget-container>.elementor-spacer,.e-con>.elementor-widget-spacer>.elementor-widget-container,.e-con>.elementor-widget-spacer>.elementor-widget-container>.elementor-spacer{height:100%}.e-con-inner>.elementor-widget-spacer>.elementor-widget-container>.elementor-spacer>.elementor-spacer-inner,.e-con>.elementor-widget-spacer>.elementor-widget-container>.elementor-spacer>.elementor-spacer-inner{height:var(--container-widget-height,var(--spacer-size))}<\/style>\t\t<div class=\"elementor-spacer\">\n\t\t\t<div class=\"elementor-spacer-inner\"><\/div>\n\t\t<\/div>\n\t\t\t\t<\/div>\n\t\t\t\t<\/div>\n\t\t\t\t\t<\/div>\n\t\t<\/div>\n\t\t\t\t\t\t\t<\/div>\n\t\t<\/section>\n\t\t\t\t<section class=\"elementor-section elementor-top-section elementor-element elementor-element-a353744 elementor-section-boxed elementor-section-height-default elementor-section-height-default row-top\" data-id=\"a353744\" data-element_type=\"section\">\n\t\t\t\t\t\t<div class=\"elementor-container elementor-column-gap-default\">\n\t\t\t\t\t<div class=\"elementor-column elementor-col-50 elementor-top-column elementor-element elementor-element-02501f0 column-style-top\" data-id=\"02501f0\" data-element_type=\"column\">\n\t\t\t<div class=\"elementor-widget-wrap elementor-element-populated\">\n\t\t\t\t\t\t\t\t<div class=\"elementor-element elementor-element-d04376b elementor-widget elementor-widget-spacer\" data-id=\"d04376b\" data-element_type=\"widget\" data-widget_type=\"spacer.default\">\n\t\t\t\t<div class=\"elementor-widget-container\">\n\t\t\t\t\t<div class=\"elementor-spacer\">\n\t\t\t<div class=\"elementor-spacer-inner\"><\/div>\n\t\t<\/div>\n\t\t\t\t<\/div>\n\t\t\t\t<\/div>\n\t\t\t\t<div class=\"elementor-element elementor-element-a2bcba5 elementor-widget elementor-widget-text-editor\" data-id=\"a2bcba5\" data-element_type=\"widget\" data-widget_type=\"text-editor.default\">\n\t\t\t\t<div class=\"elementor-widget-container\">\n\t\t\t<style>\/*! elementor - v3.10.2 - 29-01-2023 *\/\n.elementor-widget-text-editor.elementor-drop-cap-view-stacked .elementor-drop-cap{background-color:#818a91;color:#fff}.elementor-widget-text-editor.elementor-drop-cap-view-framed .elementor-drop-cap{color:#818a91;border:3px solid;background-color:transparent}.elementor-widget-text-editor:not(.elementor-drop-cap-view-default) .elementor-drop-cap{margin-top:8px}.elementor-widget-text-editor:not(.elementor-drop-cap-view-default) .elementor-drop-cap-letter{width:1em;height:1em}.elementor-widget-text-editor .elementor-drop-cap{float:left;text-align:center;line-height:1;font-size:50px}.elementor-widget-text-editor .elementor-drop-cap-letter{display:inline-block}<\/style>\t\t\t\t         <style>\r\n             #player69f4199e38810.h5vp_player { width: ; border-radius: ; overflow: hidden; }        <\/style>\r\n        <div id=\"h5vp_player\">\r\n            <div data-unique-id=\"69f4199e388d2\" id=\"player69f4199e38810\" class=\"h5vp_player h5vp_player_initializer\" data-settings=\"{&quot;options&quot;:{&quot;controls&quot;:[&quot;fullscreen&quot;],&quot;loop&quot;:{&quot;active&quot;:true},&quot;muted&quot;:true,&quot;hideControls&quot;:false,&quot;autoplay&quot;:true,&quot;tooltips&quot;:{&quot;controls&quot;:true,&quot;seek&quot;:true},&quot;resetOnEnd&quot;:true,&quot;captions&quot;:{&quot;active&quot;:true,&quot;update&quot;:true}},&quot;infos&quot;:{&quot;source&quot;:&quot;http:\\\/\\\/www.behouseperu.com\\\/wp-content\\\/uploads\\\/2020\\\/12\\\/nosotros-temporal.mp4&quot;,&quot;poster&quot;:false,&quot;skin&quot;:&quot;default&quot;,&quot;pause_other&quot;:false,&quot;id&quot;:0}}\">\r\n                <video playsinline poster=\"\"  muted autoplay >\r\n                    <source src=\"http:\/\/www.behouseperu.com\/wp-content\/uploads\/2020\/12\/nosotros-temporal.mp4\" type=\"video\/mp4\">\r\n                    Your browser does not support the video tag.\r\n                <\/video>\r\n            <\/div>\r\n        <\/div>\r\n        \t\t\t\t\t\t<\/div>\n\t\t\t\t<\/div>\n\t\t\t\t\t<\/div>\n\t\t<\/div>\n\t\t\t\t<div class=\"elementor-column elementor-col-50 elementor-top-column elementor-element elementor-element-4e8ec79 column-style-top\" data-id=\"4e8ec79\" data-element_type=\"column\">\n\t\t\t<div class=\"elementor-widget-wrap elementor-element-populated\">\n\t\t\t\t\t\t\t\t<div class=\"elementor-element elementor-element-c7af3da elementor-widget elementor-widget-text-editor\" data-id=\"c7af3da\" data-element_type=\"widget\" data-widget_type=\"text-editor.default\">\n\t\t\t\t<div class=\"elementor-widget-container\">\n\t\t\t\t\t\t\t<p><span style=\"font-weight: 400;\">Con la pandemia entendimos que los hogares deben tener la capacidad de atender todas nuestras necesidades.\u00a0 En BE HOUSE creemos que, independientemente del tama\u00f1o de las viviendas, esto es posible a trav\u00e9s de la innovaci\u00f3n.<\/span><\/p>\t\t\t\t\t\t<\/div>\n\t\t\t\t<\/div>\n\t\t\t\t<section class=\"elementor-section elementor-inner-section elementor-element elementor-element-086e6b9 elementor-section-boxed elementor-section-height-default elementor-section-height-default row-top\" data-id=\"086e6b9\" data-element_type=\"section\">\n\t\t\t\t\t\t<div class=\"elementor-container elementor-column-gap-default\">\n\t\t\t\t\t<div class=\"elementor-column elementor-col-50 elementor-inner-column elementor-element elementor-element-903badb column-style-top\" data-id=\"903badb\" data-element_type=\"column\">\n\t\t\t<div class=\"elementor-widget-wrap elementor-element-populated\">\n\t\t\t\t\t\t\t\t<div class=\"elementor-element elementor-element-cdbe188 elementor-position-top elementor-vertical-align-top elementor-widget elementor-widget-image-box\" data-id=\"cdbe188\" data-element_type=\"widget\" data-widget_type=\"image-box.default\">\n\t\t\t\t<div class=\"elementor-widget-container\">\n\t\t\t<style>\/*! elementor - v3.10.2 - 29-01-2023 *\/\n.elementor-widget-image-box .elementor-image-box-content{width:100%}@media (min-width:768px){.elementor-widget-image-box.elementor-position-left .elementor-image-box-wrapper,.elementor-widget-image-box.elementor-position-right .elementor-image-box-wrapper{display:flex}.elementor-widget-image-box.elementor-position-right .elementor-image-box-wrapper{text-align:right;flex-direction:row-reverse}.elementor-widget-image-box.elementor-position-left .elementor-image-box-wrapper{text-align:left;flex-direction:row}.elementor-widget-image-box.elementor-position-top .elementor-image-box-img{margin:auto}.elementor-widget-image-box.elementor-vertical-align-top .elementor-image-box-wrapper{align-items:flex-start}.elementor-widget-image-box.elementor-vertical-align-middle .elementor-image-box-wrapper{align-items:center}.elementor-widget-image-box.elementor-vertical-align-bottom .elementor-image-box-wrapper{align-items:flex-end}}@media (max-width:767px){.elementor-widget-image-box .elementor-image-box-img{margin-left:auto!important;margin-right:auto!important;margin-bottom:15px}}.elementor-widget-image-box .elementor-image-box-img{display:inline-block}.elementor-widget-image-box .elementor-image-box-title a{color:inherit}.elementor-widget-image-box .elementor-image-box-wrapper{text-align:center}.elementor-widget-image-box .elementor-image-box-description{margin:0}<\/style><div class=\"elementor-image-box-wrapper\"><figure class=\"elementor-image-box-img\"><a href=\"https:\/\/www.linkedin.com\/in\/denise-ramirez-lopez\/\"><img decoding=\"async\" width=\"400\" height=\"400\" src=\"http:\/\/www.behouseperu.com\/wp-content\/uploads\/2023\/02\/denise.png\" class=\"attachment-full size-full wp-image-1707\" alt=\"\" loading=\"lazy\" srcset=\"http:\/\/www.behouseperu.com\/wp-content\/uploads\/2023\/02\/denise.png 400w, http:\/\/www.behouseperu.com\/wp-content\/uploads\/2023\/02\/denise-180x180.png 180w, http:\/\/www.behouseperu.com\/wp-content\/uploads\/2023\/02\/denise-300x300.png 300w\" sizes=\"(max-width: 400px) 100vw, 400px\" \/><\/a><\/figure><div class=\"elementor-image-box-content\"><h3 class=\"elementor-image-box-title\"><a href=\"https:\/\/www.linkedin.com\/in\/denise-ramirez-lopez\/\">Co - Fundador<\/a><\/h3><p class=\"elementor-image-box-description\">Denise Ramirez <\/p><\/div><\/div>\t\t<\/div>\n\t\t\t\t<\/div>\n\t\t\t\t<div class=\"elementor-element elementor-element-90bed0e elementor-shape-rounded elementor-grid-0 e-grid-align-center elementor-widget elementor-widget-social-icons\" data-id=\"90bed0e\" data-element_type=\"widget\" data-widget_type=\"social-icons.default\">\n\t\t\t\t<div class=\"elementor-widget-container\">\n\t\t\t<style>\/*! elementor - v3.10.2 - 29-01-2023 *\/\n.elementor-widget-social-icons.elementor-grid-0 .elementor-widget-container,.elementor-widget-social-icons.elementor-grid-mobile-0 .elementor-widget-container,.elementor-widget-social-icons.elementor-grid-tablet-0 .elementor-widget-container{line-height:1;font-size:0}.elementor-widget-social-icons:not(.elementor-grid-0):not(.elementor-grid-tablet-0):not(.elementor-grid-mobile-0) .elementor-grid{display:inline-grid}.elementor-widget-social-icons .elementor-grid{grid-column-gap:var(--grid-column-gap,5px);grid-row-gap:var(--grid-row-gap,5px);grid-template-columns:var(--grid-template-columns);justify-content:var(--justify-content,center);justify-items:var(--justify-content,center)}.elementor-icon.elementor-social-icon{font-size:var(--icon-size,25px);line-height:var(--icon-size,25px);width:calc(var(--icon-size, 25px) + (2 * var(--icon-padding, .5em)));height:calc(var(--icon-size, 25px) + (2 * var(--icon-padding, .5em)))}.elementor-social-icon{--e-social-icon-icon-color:#fff;display:inline-flex;background-color:#818a91;align-items:center;justify-content:center;text-align:center;cursor:pointer}.elementor-social-icon i{color:var(--e-social-icon-icon-color)}.elementor-social-icon svg{fill:var(--e-social-icon-icon-color)}.elementor-social-icon:last-child{margin:0}.elementor-social-icon:hover{opacity:.9;color:#fff}.elementor-social-icon-android{background-color:#a4c639}.elementor-social-icon-apple{background-color:#999}.elementor-social-icon-behance{background-color:#1769ff}.elementor-social-icon-bitbucket{background-color:#205081}.elementor-social-icon-codepen{background-color:#000}.elementor-social-icon-delicious{background-color:#39f}.elementor-social-icon-deviantart{background-color:#05cc47}.elementor-social-icon-digg{background-color:#005be2}.elementor-social-icon-dribbble{background-color:#ea4c89}.elementor-social-icon-elementor{background-color:#d30c5c}.elementor-social-icon-envelope{background-color:#ea4335}.elementor-social-icon-facebook,.elementor-social-icon-facebook-f{background-color:#3b5998}.elementor-social-icon-flickr{background-color:#0063dc}.elementor-social-icon-foursquare{background-color:#2d5be3}.elementor-social-icon-free-code-camp,.elementor-social-icon-freecodecamp{background-color:#006400}.elementor-social-icon-github{background-color:#333}.elementor-social-icon-gitlab{background-color:#e24329}.elementor-social-icon-globe{background-color:#818a91}.elementor-social-icon-google-plus,.elementor-social-icon-google-plus-g{background-color:#dd4b39}.elementor-social-icon-houzz{background-color:#7ac142}.elementor-social-icon-instagram{background-color:#262626}.elementor-social-icon-jsfiddle{background-color:#487aa2}.elementor-social-icon-link{background-color:#818a91}.elementor-social-icon-linkedin,.elementor-social-icon-linkedin-in{background-color:#0077b5}.elementor-social-icon-medium{background-color:#00ab6b}.elementor-social-icon-meetup{background-color:#ec1c40}.elementor-social-icon-mixcloud{background-color:#273a4b}.elementor-social-icon-odnoklassniki{background-color:#f4731c}.elementor-social-icon-pinterest{background-color:#bd081c}.elementor-social-icon-product-hunt{background-color:#da552f}.elementor-social-icon-reddit{background-color:#ff4500}.elementor-social-icon-rss{background-color:#f26522}.elementor-social-icon-shopping-cart{background-color:#4caf50}.elementor-social-icon-skype{background-color:#00aff0}.elementor-social-icon-slideshare{background-color:#0077b5}.elementor-social-icon-snapchat{background-color:#fffc00}.elementor-social-icon-soundcloud{background-color:#f80}.elementor-social-icon-spotify{background-color:#2ebd59}.elementor-social-icon-stack-overflow{background-color:#fe7a15}.elementor-social-icon-steam{background-color:#00adee}.elementor-social-icon-stumbleupon{background-color:#eb4924}.elementor-social-icon-telegram{background-color:#2ca5e0}.elementor-social-icon-thumb-tack{background-color:#1aa1d8}.elementor-social-icon-tripadvisor{background-color:#589442}.elementor-social-icon-tumblr{background-color:#35465c}.elementor-social-icon-twitch{background-color:#6441a5}.elementor-social-icon-twitter{background-color:#1da1f2}.elementor-social-icon-viber{background-color:#665cac}.elementor-social-icon-vimeo{background-color:#1ab7ea}.elementor-social-icon-vk{background-color:#45668e}.elementor-social-icon-weibo{background-color:#dd2430}.elementor-social-icon-weixin{background-color:#31a918}.elementor-social-icon-whatsapp{background-color:#25d366}.elementor-social-icon-wordpress{background-color:#21759b}.elementor-social-icon-xing{background-color:#026466}.elementor-social-icon-yelp{background-color:#af0606}.elementor-social-icon-youtube{background-color:#cd201f}.elementor-social-icon-500px{background-color:#0099e5}.elementor-shape-rounded .elementor-icon.elementor-social-icon{border-radius:10%}.elementor-shape-circle .elementor-icon.elementor-social-icon{border-radius:50%}<\/style>\t\t<div class=\"elementor-social-icons-wrapper elementor-grid\">\n\t\t\t\t\t\t\t<span class=\"elementor-grid-item\">\n\t\t\t\t\t<a class=\"elementor-icon elementor-social-icon elementor-social-icon-linkedin elementor-repeater-item-18200ac\" href=\"https:\/\/www.linkedin.com\/in\/denise-ramirez-lopez\/\" target=\"_blank\">\n\t\t\t\t\t\t<span class=\"elementor-screen-only\">Linkedin<\/span>\n\t\t\t\t\t\t<i class=\"fab fa-linkedin\"><\/i>\t\t\t\t\t<\/a>\n\t\t\t\t<\/span>\n\t\t\t\t\t<\/div>\n\t\t\t\t<\/div>\n\t\t\t\t<\/div>\n\t\t\t\t\t<\/div>\n\t\t<\/div>\n\t\t\t\t<div class=\"elementor-column elementor-col-50 elementor-inner-column elementor-element elementor-element-27c71ed column-style-top\" data-id=\"27c71ed\" data-element_type=\"column\">\n\t\t\t<div class=\"elementor-widget-wrap elementor-element-populated\">\n\t\t\t\t\t\t\t\t<div class=\"elementor-element elementor-element-950feae elementor-position-top elementor-vertical-align-top elementor-widget elementor-widget-image-box\" data-id=\"950feae\" data-element_type=\"widget\" data-widget_type=\"image-box.default\">\n\t\t\t\t<div class=\"elementor-widget-container\">\n\t\t\t<div class=\"elementor-image-box-wrapper\"><figure class=\"elementor-image-box-img\"><a href=\"https:\/\/www.linkedin.com\/in\/mauricio-chavez-da-silva-\/\"><img decoding=\"async\" width=\"400\" height=\"400\" src=\"http:\/\/www.behouseperu.com\/wp-content\/uploads\/2023\/02\/mauricio.png\" class=\"attachment-full size-full wp-image-1708\" alt=\"\" loading=\"lazy\" srcset=\"http:\/\/www.behouseperu.com\/wp-content\/uploads\/2023\/02\/mauricio.png 400w, http:\/\/www.behouseperu.com\/wp-content\/uploads\/2023\/02\/mauricio-180x180.png 180w, http:\/\/www.behouseperu.com\/wp-content\/uploads\/2023\/02\/mauricio-300x300.png 300w\" sizes=\"(max-width: 400px) 100vw, 400px\" \/><\/a><\/figure><div class=\"elementor-image-box-content\"><h3 class=\"elementor-image-box-title\"><a href=\"https:\/\/www.linkedin.com\/in\/mauricio-chavez-da-silva-\/\">Co - Fundador<\/a><\/h3><p class=\"elementor-image-box-description\">Mauricio Chavez<\/p><\/div><\/div>\t\t<\/div>\n\t\t\t\t<\/div>\n\t\t\t\t<div class=\"elementor-element elementor-element-16b4e95 elementor-shape-rounded elementor-grid-0 e-grid-align-center elementor-widget elementor-widget-social-icons\" data-id=\"16b4e95\" data-element_type=\"widget\" data-widget_type=\"social-icons.default\">\n\t\t\t\t<div class=\"elementor-widget-container\">\n\t\t\t\t\t<div class=\"elementor-social-icons-wrapper elementor-grid\">\n\t\t\t\t\t\t\t<span class=\"elementor-grid-item\">\n\t\t\t\t\t<a class=\"elementor-icon elementor-social-icon elementor-social-icon-linkedin elementor-repeater-item-18200ac\" href=\"https:\/\/www.linkedin.com\/in\/mauricio-chavez-da-silva-\/\" target=\"_blank\">\n\t\t\t\t\t\t<span class=\"elementor-screen-only\">Linkedin<\/span>\n\t\t\t\t\t\t<i class=\"fab fa-linkedin\"><\/i>\t\t\t\t\t<\/a>\n\t\t\t\t<\/span>\n\t\t\t\t\t<\/div>\n\t\t\t\t<\/div>\n\t\t\t\t<\/div>\n\t\t\t\t\t<\/div>\n\t\t<\/div>\n\t\t\t\t\t\t\t<\/div>\n\t\t<\/section>\n\t\t\t\t\t<\/div>\n\t\t<\/div>\n\t\t\t\t\t\t\t<\/div>\n\t\t<\/section>\n\t\t\t\t\t\t\t<\/div>\n\t\t","protected":false},"excerpt":{"rendered":"<p>QUE HACEMOS HACEMOS M\u00c1S FLEXIBLE TU HOGAR Trabajamos con clientes particulares que buscan remodelar uno o varios ambientes de su hogar otorg\u00e1ndoles flexibilidad a trav\u00e9s de nuestros sistemas de muebles m\u00f3viles. HACEMOS M\u00c1S RENTABLE TU INVERSI\u00d3N Trabajamos con propietarios de departamentos para alquiler temporal que buscan la mayor rentabilidad de su inversi\u00f3n exprimiendo al m\u00e1ximo [&hellip;]<\/p>\n","protected":false},"author":1,"featured_media":0,"parent":0,"menu_order":0,"comment_status":"closed","ping_status":"closed","template":"","meta":[],"_links":{"self":[{"href":"http:\/\/www.behouseperu.com\/index.php\/wp-json\/wp\/v2\/pages\/21"}],"collection":[{"href":"http:\/\/www.behouseperu.com\/index.php\/wp-json\/wp\/v2\/pages"}],"about":[{"href":"http:\/\/www.behouseperu.com\/index.php\/wp-json\/wp\/v2\/types\/page"}],"author":[{"embeddable":true,"href":"http:\/\/www.behouseperu.com\/index.php\/wp-json\/wp\/v2\/users\/1"}],"replies":[{"embeddable":true,"href":"http:\/\/www.behouseperu.com\/index.php\/wp-json\/wp\/v2\/comments?post=21"}],"version-history":[{"count":47,"href":"http:\/\/www.behouseperu.com\/index.php\/wp-json\/wp\/v2\/pages\/21\/revisions"}],"predecessor-version":[{"id":2271,"href":"http:\/\/www.behouseperu.com\/index.php\/wp-json\/wp\/v2\/pages\/21\/revisions\/2271"}],"wp:attachment":[{"href":"http:\/\/www.behouseperu.com\/index.php\/wp-json\/wp\/v2\/media?parent=21"}],"curies":[{"name":"wp","href":"https:\/\/api.w.org\/{rel}","templated":true}]}}